{"id":4760,"date":"2023-05-11T03:43:32","date_gmt":"2023-05-11T03:43:32","guid":{"rendered":"https:\/\/mliperfection.com\/hakkimizda\/"},"modified":"2023-05-15T07:42:17","modified_gmt":"2023-05-15T07:42:17","slug":"about-us","status":"publish","type":"page","link":"https:\/\/mliperfection.com\/en\/about-us\/","title":{"rendered":"About Us"},"content":{"rendered":"\t\t<div data-elementor-type=\"wp-page\" data-elementor-id=\"4760\" class=\"elementor elementor-4760 elementor-4248\">\n\t\t\t\t\t\t\t\t\t<section class=\"elementor-section elementor-top-section elementor-element elementor-element-78173f7 elementor-section-boxed elementor-section-height-default elementor-section-height-default\" data-id=\"78173f7\" data-element_type=\"section\">\n\t\t\t\t\t\t<div class=\"elementor-container elementor-column-gap-default\">\n\t\t\t\t\t<div class=\"elementor-column elementor-col-50 elementor-top-column elementor-element elementor-element-31e28e0\" data-id=\"31e28e0\" data-element_type=\"column\">\n\t\t\t<div class=\"elementor-widget-wrap elementor-element-populated\">\n\t\t\t\t\t\t\t\t<div class=\"elementor-element elementor-element-d4c56a5 elementor-widget elementor-widget-heading\" data-id=\"d4c56a5\" data-element_type=\"widget\" data-widget_type=\"heading.default\">\n\t\t\t\t<div class=\"elementor-widget-container\">\n\t\t\t<style>\/*! elementor - v3.12.2 - 23-04-2023 *\/\n.elementor-heading-title{padding:0;margin:0;line-height:1}.elementor-widget-heading .elementor-heading-title[class*=elementor-size-]>a{color:inherit;font-size:inherit;line-height:inherit}.elementor-widget-heading .elementor-heading-title.elementor-size-small{font-size:15px}.elementor-widget-heading .elementor-heading-title.elementor-size-medium{font-size:19px}.elementor-widget-heading .elementor-heading-title.elementor-size-large{font-size:29px}.elementor-widget-heading .elementor-heading-title.elementor-size-xl{font-size:39px}.elementor-widget-heading .elementor-heading-title.elementor-size-xxl{font-size:59px}<\/style><h2 class=\"elementor-heading-title elementor-size-default\">About Us<\/h2>\t\t<\/div>\n\t\t\t\t<\/div>\n\t\t\t\t<div class=\"elementor-element elementor-element-6a955c0 elementor-widget elementor-widget-text-editor\" data-id=\"6a955c0\" data-element_type=\"widget\" data-widget_type=\"text-editor.default\">\n\t\t\t\t<div class=\"elementor-widget-container\">\n\t\t\t<style>\/*! elementor - v3.12.2 - 23-04-2023 *\/\n.elementor-widget-text-editor.elementor-drop-cap-view-stacked .elementor-drop-cap{background-color:#69727d;color:#fff}.elementor-widget-text-editor.elementor-drop-cap-view-framed .elementor-drop-cap{color:#69727d;border:3px solid;background-color:transparent}.elementor-widget-text-editor:not(.elementor-drop-cap-view-default) .elementor-drop-cap{margin-top:8px}.elementor-widget-text-editor:not(.elementor-drop-cap-view-default) .elementor-drop-cap-letter{width:1em;height:1em}.elementor-widget-text-editor .elementor-drop-cap{float:left;text-align:center;line-height:1;font-size:50px}.elementor-widget-text-editor .elementor-drop-cap-letter{display:inline-block}<\/style>\t\t\t\t<p>Our company was established in Konya in 2020 by Se\u00e7kin SEV\u0130N\u00c7. Our owner Se\u00e7kin SEV\u0130N\u00c7 was born in 1990 and met the industry in 2005. As a result of his 15 years of experience, he established MLI Perfection Medikal in 2020. In the first place, the field of activity of our company was hospital equipment.<\/p><p>During the Covid-19 period, our company provided equipment to many hospitals, both domestic and international. In this process, our company has also been involved in the manufacture of motorized patient beds and medicine cabinets. Later on, it has created a new field of activity by rapidly advancing the production of personnel locker cabinets and cleaning cabinets in the field of occupational health and safety, with the new generation equipment and experienced personnel it has included in its production track.<\/p><p>As a result of the researches of our R&amp;D team, we have developed our field of activity by adding the production of tool trolleys and tool equipment, which we found insufficient both in our country and abroad. While these processes are continuing, our company has received the following certificates, respectively, in order to indicate its own quality to its customers: ISO 9001, ISO 13485, ISO 14001, ISO 45001<\/p>\t\t\t\t\t\t<\/div>\n\t\t\t\t<\/div>\n\t\t\t\t\t<\/div>\n\t\t<\/div>\n\t\t\t\t<div class=\"elementor-column elementor-col-50 elementor-top-column elementor-element elementor-element-954b8d7\" data-id=\"954b8d7\" data-element_type=\"column\">\n\t\t\t<div class=\"elementor-widget-wrap elementor-element-populated\">\n\t\t\t\t\t\t\t\t<div class=\"elementor-element elementor-element-93aeeb5 elementor-widget elementor-widget-image\" data-id=\"93aeeb5\" data-element_type=\"widget\" data-widget_type=\"image.default\">\n\t\t\t\t<div class=\"elementor-widget-container\">\n\t\t\t<style>\/*! elementor - v3.12.2 - 23-04-2023 *\/\n.elementor-widget-image{text-align:center}.elementor-widget-image a{display:inline-block}.elementor-widget-image a img[src$=\".svg\"]{width:48px}.elementor-widget-image img{vertical-align:middle;display:inline-block}<\/style>\t\t\t\t\t\t\t\t\t\t\t\t<img decoding=\"async\" width=\"660\" height=\"371\" src=\"https:\/\/mliperfection.com\/wp-content\/uploads\/2023\/05\/hakkimizda.jpg\" class=\"attachment-large size-large wp-image-4428\" alt=\"\" loading=\"lazy\" srcset=\"https:\/\/mliperfection.com\/wp-content\/uploads\/2023\/05\/hakkimizda.jpg 800w, https:\/\/mliperfection.com\/wp-content\/uploads\/2023\/05\/hakkimizda-300x169.jpg 300w, https:\/\/mliperfection.com\/wp-content\/uploads\/2023\/05\/hakkimizda-768x432.jpg 768w, https:\/\/mliperfection.com\/wp-content\/uploads\/2023\/05\/hakkimizda-600x338.jpg 600w\" sizes=\"(max-width: 660px) 100vw, 660px\" \/>\t\t\t\t\t\t\t\t\t\t\t\t\t\t\t<\/div>\n\t\t\t\t<\/div>\n\t\t\t\t\t<\/div>\n\t\t<\/div>\n\t\t\t\t\t\t\t<\/div>\n\t\t<\/section>\n\t\t\t\t<section class=\"elementor-section elementor-top-section elementor-element elementor-element-e978d76 elementor-section-boxed elementor-section-height-default elementor-section-height-default\" data-id=\"e978d76\" data-element_type=\"section\">\n\t\t\t\t\t\t<div class=\"elementor-container elementor-column-gap-default\">\n\t\t\t\t\t<div class=\"elementor-column elementor-col-50 elementor-top-column elementor-element elementor-element-059a03a\" data-id=\"059a03a\" data-element_type=\"column\">\n\t\t\t<div class=\"elementor-widget-wrap elementor-element-populated\">\n\t\t\t\t\t\t\t\t<div class=\"elementor-element elementor-element-5906db0 elementor-widget elementor-widget-heading\" data-id=\"5906db0\" data-element_type=\"widget\" data-widget_type=\"heading.default\">\n\t\t\t\t<div class=\"elementor-widget-container\">\n\t\t\t<h2 class=\"elementor-heading-title elementor-size-default\">Vision<\/h2>\t\t<\/div>\n\t\t\t\t<\/div>\n\t\t\t\t<div class=\"elementor-element elementor-element-87e1e13 elementor-widget elementor-widget-text-editor\" data-id=\"87e1e13\" data-element_type=\"widget\" data-widget_type=\"text-editor.default\">\n\t\t\t\t<div class=\"elementor-widget-container\">\n\t\t\t\t\t\t\t<p>The aim of our company, which produces quality, innovative and different products, is to deliver its products to consumers all over the world as well as Turkey.<\/p>\t\t\t\t\t\t<\/div>\n\t\t\t\t<\/div>\n\t\t\t\t\t<\/div>\n\t\t<\/div>\n\t\t\t\t<div class=\"elementor-column elementor-col-50 elementor-top-column elementor-element elementor-element-3c3a558\" data-id=\"3c3a558\" data-element_type=\"column\">\n\t\t\t<div class=\"elementor-widget-wrap elementor-element-populated\">\n\t\t\t\t\t\t\t\t<div class=\"elementor-element elementor-element-ceda4da elementor-widget elementor-widget-heading\" data-id=\"ceda4da\" data-element_type=\"widget\" data-widget_type=\"heading.default\">\n\t\t\t\t<div class=\"elementor-widget-container\">\n\t\t\t<h2 class=\"elementor-heading-title elementor-size-default\">Mision<\/h2>\t\t<\/div>\n\t\t\t\t<\/div>\n\t\t\t\t<div class=\"elementor-element elementor-element-e14b2b6 elementor-widget elementor-widget-text-editor\" data-id=\"e14b2b6\" data-element_type=\"widget\" data-widget_type=\"text-editor.default\">\n\t\t\t\t<div class=\"elementor-widget-container\">\n\t\t\t\t\t\t\t<p>To meet consumer expectations at the highest level with our wide product range by providing the right quality-price ratio.<\/p>\t\t\t\t\t\t<\/div>\n\t\t\t\t<\/div>\n\t\t\t\t\t<\/div>\n\t\t<\/div>\n\t\t\t\t\t\t\t<\/div>\n\t\t<\/section>\n\t\t\t\t\t\t\t<\/div>\n\t\t","protected":false},"excerpt":{"rendered":"<p>About Us Our company was established in Konya in 2020 by Se\u00e7kin SEV\u0130N\u00c7. Our owner Se\u00e7kin SEV\u0130N\u00c7 was born in 1990 and met the industry in 2005. As a result of his 15 years of experience, he established MLI Perfection Medikal in 2020. In the first place, the field of activity of our company was &hellip; <br \/><a href=\"https:\/\/mliperfection.com\/en\/about-us\/\" class=\"more-link\">Continue reading <span class=\"screen-reader-text\">About Us<\/span><\/a><\/p>\n","protected":false},"author":1,"featured_media":0,"parent":0,"menu_order":0,"comment_status":"closed","ping_status":"closed","template":"","meta":[],"_links":{"self":[{"href":"https:\/\/mliperfection.com\/en\/wp-json\/wp\/v2\/pages\/4760"}],"collection":[{"href":"https:\/\/mliperfection.com\/en\/wp-json\/wp\/v2\/pages"}],"about":[{"href":"https:\/\/mliperfection.com\/en\/wp-json\/wp\/v2\/types\/page"}],"author":[{"embeddable":true,"href":"https:\/\/mliperfection.com\/en\/wp-json\/wp\/v2\/users\/1"}],"replies":[{"embeddable":true,"href":"https:\/\/mliperfection.com\/en\/wp-json\/wp\/v2\/comments?post=4760"}],"version-history":[{"count":4,"href":"https:\/\/mliperfection.com\/en\/wp-json\/wp\/v2\/pages\/4760\/revisions"}],"predecessor-version":[{"id":4764,"href":"https:\/\/mliperfection.com\/en\/wp-json\/wp\/v2\/pages\/4760\/revisions\/4764"}],"wp:attachment":[{"href":"https:\/\/mliperfection.com\/en\/wp-json\/wp\/v2\/media?parent=4760"}],"curies":[{"name":"wp","href":"https:\/\/api.w.org\/{rel}","templated":true}]}}